{"id":2342,"date":"2023-06-19T15:40:14","date_gmt":"2023-06-19T12:40:14","guid":{"rendered":"https:\/\/goustorestaurant.gr\/?page_id=2342"},"modified":"2023-06-21T10:34:48","modified_gmt":"2023-06-21T07:34:48","slug":"location","status":"publish","type":"page","link":"https:\/\/goustorestaurant.gr\/sv\/location\/","title":{"rendered":"Plats"},"content":{"rendered":"<div data-elementor-type=\"wp-page\" data-elementor-id=\"2342\" class=\"elementor elementor-2342\" data-elementor-post-type=\"page\">\n\t\t\t\t\t\t<section class=\"elementor-section elementor-top-section elementor-element elementor-element-8ca2102 elementor-section-full_width elementor-section-height-full elementor-section-height-default elementor-section-items-middle jltma-glass-effect-no\" data-id=\"8ca2102\" data-element_type=\"section\" data-e-type=\"section\" data-settings=\"{&quot;background_background&quot;:&quot;classic&quot;}\">\n\t\t\t\t\t\t\t<div class=\"elementor-background-overlay\"><\/div>\n\t\t\t\t\t\t\t<div class=\"elementor-container elementor-column-gap-default\">\n\t\t\t\t\t<div class=\"elementor-column elementor-col-100 elementor-top-column elementor-element elementor-element-de6edab jltma-glass-effect-no\" data-id=\"de6edab\" data-element_type=\"column\" data-e-type=\"column\" data-settings=\"{&quot;background_background&quot;:&quot;classic&quot;}\">\n\t\t\t<div class=\"elementor-widget-wrap elementor-element-populated\">\n\t\t\t\t\t\t<section class=\"elementor-section elementor-inner-section elementor-element elementor-element-914b198 elementor-section-height-min-height elementor-section-boxed elementor-section-height-default jltma-glass-effect-no\" data-id=\"914b198\" data-element_type=\"section\" data-e-type=\"section\" data-settings=\"{&quot;background_background&quot;:&quot;classic&quot;}\">\n\t\t\t\t\t\t<div class=\"elementor-container elementor-column-gap-default\">\n\t\t\t\t\t<div class=\"elementor-column elementor-col-100 elementor-inner-column elementor-element elementor-element-1ab2f2a jltma-glass-effect-no\" data-id=\"1ab2f2a\" data-element_type=\"column\" data-e-type=\"column\" data-settings=\"{&quot;background_background&quot;:&quot;classic&quot;}\">\n\t\t\t<div class=\"elementor-widget-wrap elementor-element-populated\">\n\t\t\t\t\t\t<div class=\"elementor-element elementor-element-35ba297 jltma-glass-effect-no elementor-widget elementor-widget-qi_addons_for_elementor_animated_text\" data-id=\"35ba297\" data-element_type=\"widget\" data-e-type=\"widget\" data-widget_type=\"qi_addons_for_elementor_animated_text.default\">\n\t\t\t\t<div class=\"elementor-widget-container\">\n\t\t\t\t\t<div class=\"qodef-shortcode qodef-m qodef-qi-animated-text qodef--animated-by-letter qodef--alignment-center qodef-qi--has-appear qodef--appear-from-bottom\" >\n\t\t<h1 class=\"qodef-m-title\">\n\t\t<span class=\"qodef-e-word-holder\">Plats<\/span>\t<\/h1>\n<\/div>\n\t\t\t\t<\/div>\n\t\t\t\t<\/div>\n\t\t\t\t\t<\/div>\n\t\t<\/div>\n\t\t\t\t\t<\/div>\n\t\t<\/section>\n\t\t\t\t<section class=\"elementor-section elementor-inner-section elementor-element elementor-element-87f1cf5 elementor-section-full_width elementor-section-height-default elementor-section-height-default jltma-glass-effect-no\" data-id=\"87f1cf5\" data-element_type=\"section\" data-e-type=\"section\">\n\t\t\t\t\t\t<div class=\"elementor-container elementor-column-gap-default\">\n\t\t\t\t\t<div class=\"elementor-column elementor-col-50 elementor-inner-column elementor-element elementor-element-abe5483 jltma-glass-effect-no\" data-id=\"abe5483\" data-element_type=\"column\" data-e-type=\"column\">\n\t\t\t<div class=\"elementor-widget-wrap elementor-element-populated\">\n\t\t\t\t\t\t<div class=\"elementor-element elementor-element-47415cd jltma-glass-effect-no elementor-widget elementor-widget-text-editor\" data-id=\"47415cd\" data-element_type=\"widget\" data-e-type=\"widget\" data-widget_type=\"text-editor.default\">\n\t\t\t\t<div class=\"elementor-widget-container\">\n\t\t\t\t\t\t\t\t\t<p><span style=\"color: #67acb5;\"><a style=\"color: #67acb5;\" href=\"tel:+302821060153\">+30 2821 060153<\/a><\/span><br \/><span style=\"color: #67acb5;\"><a style=\"color: #67acb5;\" href=\"mailto:gousto2022@gmail.com\">gousto2022@gmail.com<\/a><\/span><\/p>\t\t\t\t\t\t\t\t<\/div>\n\t\t\t\t<\/div>\n\t\t\t\t\t<\/div>\n\t\t<\/div>\n\t\t\t\t<div class=\"elementor-column elementor-col-50 elementor-inner-column elementor-element elementor-element-f7741a3 jltma-glass-effect-no\" data-id=\"f7741a3\" data-element_type=\"column\" data-e-type=\"column\">\n\t\t\t<div class=\"elementor-widget-wrap elementor-element-populated\">\n\t\t\t\t\t\t<div class=\"elementor-element elementor-element-39c3591 jltma-glass-effect-no elementor-widget elementor-widget-text-editor\" data-id=\"39c3591\" data-element_type=\"widget\" data-e-type=\"widget\" data-widget_type=\"text-editor.default\">\n\t\t\t\t<div class=\"elementor-widget-container\">\n\t\t\t\t\t\t\t\t\t<p><span style=\"color: #67acb5;\"><a style=\"color: #67acb5;\" href=\"https:\/\/goo.gl\/maps\/1STWNPAovY9wbqdx6\" target=\"_blank\" rel=\"noopener\">Agia Marina, Chania | Kreta<\/a><\/span><br \/>\u00d6ppet 09:00 - 11:00<\/p>\t\t\t\t\t\t\t\t<\/div>\n\t\t\t\t<\/div>\n\t\t\t\t\t<\/div>\n\t\t<\/div>\n\t\t\t\t\t<\/div>\n\t\t<\/section>\n\t\t\t\t\t<\/div>\n\t\t<\/div>\n\t\t\t\t\t<\/div>\n\t\t<\/section>\n\t\t\t\t<section class=\"elementor-section elementor-top-section elementor-element elementor-element-980551a elementor-section-full_width elementor-section-content-top elementor-reverse-mobile elementor-section-height-default elementor-section-height-default jltma-glass-effect-no\" data-id=\"980551a\" data-element_type=\"section\" data-e-type=\"section\" data-settings=\"{&quot;background_background&quot;:&quot;classic&quot;}\">\n\t\t\t\t\t\t<div class=\"elementor-container elementor-column-gap-default\">\n\t\t\t\t\t<div class=\"elementor-column elementor-col-50 elementor-top-column elementor-element elementor-element-5d674f5 jltma-glass-effect-no\" data-id=\"5d674f5\" data-element_type=\"column\" data-e-type=\"column\" data-settings=\"{&quot;background_background&quot;:&quot;classic&quot;}\">\n\t\t\t<div class=\"elementor-widget-wrap elementor-element-populated\">\n\t\t\t\t\t\t<div class=\"elementor-element elementor-element-6b98609 jltma-glass-effect-no elementor-widget elementor-widget-spacer\" data-id=\"6b98609\" data-element_type=\"widget\" data-e-type=\"widget\" data-widget_type=\"spacer.default\">\n\t\t\t\t<div class=\"elementor-widget-container\">\n\t\t\t\t\t\t\t<div class=\"elementor-spacer\">\n\t\t\t<div class=\"elementor-spacer-inner\"><\/div>\n\t\t<\/div>\n\t\t\t\t\t\t<\/div>\n\t\t\t\t<\/div>\n\t\t\t\t<div class=\"elementor-element elementor-element-6200c14 e-transform jltma-glass-effect-no elementor-widget elementor-widget-image\" data-id=\"6200c14\" data-element_type=\"widget\" data-e-type=\"widget\" data-settings=\"{&quot;_transform_translateX_effect&quot;:{&quot;unit&quot;:&quot;px&quot;,&quot;size&quot;:0,&quot;sizes&quot;:[]},&quot;_transform_translateX_effect_tablet&quot;:{&quot;unit&quot;:&quot;px&quot;,&quot;size&quot;:&quot;&quot;,&quot;sizes&quot;:[]},&quot;_transform_translateX_effect_mobile&quot;:{&quot;unit&quot;:&quot;px&quot;,&quot;size&quot;:&quot;&quot;,&quot;sizes&quot;:[]},&quot;_transform_translateY_effect&quot;:{&quot;unit&quot;:&quot;px&quot;,&quot;size&quot;:&quot;&quot;,&quot;sizes&quot;:[]},&quot;_transform_translateY_effect_tablet&quot;:{&quot;unit&quot;:&quot;px&quot;,&quot;size&quot;:&quot;&quot;,&quot;sizes&quot;:[]},&quot;_transform_translateY_effect_mobile&quot;:{&quot;unit&quot;:&quot;px&quot;,&quot;size&quot;:&quot;&quot;,&quot;sizes&quot;:[]}}\" data-widget_type=\"image.default\">\n\t\t\t\t<div class=\"elementor-widget-container\">\n\t\t\t\t\t\t\t\t\t\t\t\t\t\t\t<img fetchpriority=\"high\" decoding=\"async\" width=\"800\" height=\"533\" src=\"https:\/\/goustorestaurant.gr\/wp-content\/uploads\/2023\/06\/kaltsounia-1024x682.jpg\" class=\"attachment-large size-large wp-image-2350\" alt=\"\" srcset=\"https:\/\/goustorestaurant.gr\/wp-content\/uploads\/2023\/06\/kaltsounia-1024x682.jpg 1024w, https:\/\/goustorestaurant.gr\/wp-content\/uploads\/2023\/06\/kaltsounia-300x200.jpg 300w, https:\/\/goustorestaurant.gr\/wp-content\/uploads\/2023\/06\/kaltsounia-768x512.jpg 768w, https:\/\/goustorestaurant.gr\/wp-content\/uploads\/2023\/06\/kaltsounia-1536x1023.jpg 1536w, https:\/\/goustorestaurant.gr\/wp-content\/uploads\/2023\/06\/kaltsounia.jpg 1600w\" sizes=\"(max-width: 800px) 100vw, 800px\" \/>\t\t\t\t\t\t\t\t\t\t\t\t\t\t\t<\/div>\n\t\t\t\t<\/div>\n\t\t\t\t<div class=\"elementor-element elementor-element-3892040 jltma-glass-effect-no elementor-widget elementor-widget-spacer\" data-id=\"3892040\" data-element_type=\"widget\" data-e-type=\"widget\" data-widget_type=\"spacer.default\">\n\t\t\t\t<div class=\"elementor-widget-container\">\n\t\t\t\t\t\t\t<div class=\"elementor-spacer\">\n\t\t\t<div class=\"elementor-spacer-inner\"><\/div>\n\t\t<\/div>\n\t\t\t\t\t\t<\/div>\n\t\t\t\t<\/div>\n\t\t\t\t<div class=\"elementor-element elementor-element-840441b jltma-glass-effect-no elementor-widget elementor-widget-qi_addons_for_elementor_animated_text\" data-id=\"840441b\" data-element_type=\"widget\" data-e-type=\"widget\" data-widget_type=\"qi_addons_for_elementor_animated_text.default\">\n\t\t\t\t<div class=\"elementor-widget-container\">\n\t\t\t\t\t<div class=\"qodef-shortcode qodef-m qodef-qi-animated-text qodef--animated-by-letter qodef-qi--has-appear qodef--appear-from-bottom\" >\n\t\t<h1 class=\"qodef-m-title\">\n\t\t<span class=\"qodef-e-word-holder\">A<\/span> <span class=\"qodef-e-word-holder\">GREKLAND<\/span> <span class=\"qodef-e-word-holder\">HIDDEN<\/span> <span class=\"qodef-e-word-holder\">GEM<\/span>\t<\/h1>\n<\/div>\n\t\t\t\t<\/div>\n\t\t\t\t<\/div>\n\t\t\t\t<div class=\"elementor-element elementor-element-564319d elementor-widget-divider--view-line jltma-glass-effect-no elementor-invisible elementor-widget elementor-widget-divider\" data-id=\"564319d\" data-element_type=\"widget\" data-e-type=\"widget\" data-settings=\"{&quot;_animation&quot;:&quot;slideInLeft&quot;,&quot;_animation_mobile&quot;:&quot;none&quot;}\" data-widget_type=\"divider.default\">\n\t\t\t\t<div class=\"elementor-widget-container\">\n\t\t\t\t\t\t\t<div class=\"elementor-divider\">\n\t\t\t<span class=\"elementor-divider-separator\">\n\t\t\t\t\t\t<\/span>\n\t\t<\/div>\n\t\t\t\t\t\t<\/div>\n\t\t\t\t<\/div>\n\t\t\t\t<div class=\"elementor-element elementor-element-eaa46e7 jltma-glass-effect-no elementor-widget elementor-widget-text-editor\" data-id=\"eaa46e7\" data-element_type=\"widget\" data-e-type=\"widget\" data-widget_type=\"text-editor.default\">\n\t\t\t\t<div class=\"elementor-widget-container\">\n\t\t\t\t\t\t\t\t\t<p>En of\u00f6rgl\u00f6mlig middagsupplevelse p\u00e5 Gousto, en dold p\u00e4rla som ligger inb\u00e4ddad l\u00e4ngs de pittoreska str\u00e4nderna i Agia Marina i Chania, Kreta. F\u00f6rdjupa dig i den f\u00f6rtrollande atmosf\u00e4ren medan du njuter av traditionella och autentiska grekiska r\u00e4tter, k\u00e4rleksfullt tillagade av v\u00e5ra beg\u00e5vade kockar.<\/p><p>Ta del av en verkligt uppslukande upplevelse p\u00e5 Gousto. F\u00f6re eller efter m\u00e5ltiden kan du ta ett uppfriskande dopp i det kristallklara vattnet p\u00e5 Agia Marinas ber\u00f6mda sandstrand. K\u00e4nn Medelhavets varma omfamning och l\u00e4gg till en extra touch av avkoppling till ditt bes\u00f6k.<\/p>\t\t\t\t\t\t\t\t<\/div>\n\t\t\t\t<\/div>\n\t\t\t\t<div class=\"elementor-element elementor-element-966d825 jltma-glass-effect-no elementor-widget elementor-widget-qi_addons_for_elementor_button\" data-id=\"966d825\" data-element_type=\"widget\" data-e-type=\"widget\" data-widget_type=\"qi_addons_for_elementor_button.default\">\n\t\t\t\t<div class=\"elementor-widget-container\">\n\t\t\t\t\t<a class=\"qodef-shortcode qodef-m qodef-qi-button qodef-html--link qodef-layout--textual qodef-icon--right qodef-hover--icon-move-diagonal\" href=\"https:\/\/goustorestaurant.gr\/sv\/about\/\" target=\"_self\">\n\t<span class=\"qodef-m-text\">OM OSS<\/span>\n\t\t<span class=\"qodef-m-icon\">\n\t\t<span class=\"qodef-m-icon-inner\">\n\t\t\t<i aria-hidden=\"true\" class=\"jltma-material-icon jltma-material-icon-call_made\"><\/i>\t\t\t\t\t\t\t<i aria-hidden=\"true\" class=\"jltma-material-icon jltma-material-icon-call_made\"><\/i>\t\t\t\t\t<\/span>\n\t<\/span>\n<\/a>\n\t\t\t\t<\/div>\n\t\t\t\t<\/div>\n\t\t\t\t<div class=\"elementor-element elementor-element-94f9cfd jltma-glass-effect-no elementor-widget elementor-widget-spacer\" data-id=\"94f9cfd\" data-element_type=\"widget\" data-e-type=\"widget\" data-widget_type=\"spacer.default\">\n\t\t\t\t<div class=\"elementor-widget-container\">\n\t\t\t\t\t\t\t<div class=\"elementor-spacer\">\n\t\t\t<div class=\"elementor-spacer-inner\"><\/div>\n\t\t<\/div>\n\t\t\t\t\t\t<\/div>\n\t\t\t\t<\/div>\n\t\t\t\t\t<\/div>\n\t\t<\/div>\n\t\t\t\t<div class=\"elementor-column elementor-col-50 elementor-top-column elementor-element elementor-element-c1cb798 jltma-glass-effect-no\" data-id=\"c1cb798\" data-element_type=\"column\" data-e-type=\"column\" data-settings=\"{&quot;background_background&quot;:&quot;classic&quot;}\">\n\t\t\t<div class=\"elementor-widget-wrap elementor-element-populated\">\n\t\t\t\t\t\t<div class=\"elementor-element elementor-element-227f64e jltma-glass-effect-no elementor-widget elementor-widget-spacer\" data-id=\"227f64e\" data-element_type=\"widget\" data-e-type=\"widget\" data-widget_type=\"spacer.default\">\n\t\t\t\t<div class=\"elementor-widget-container\">\n\t\t\t\t\t\t\t<div class=\"elementor-spacer\">\n\t\t\t<div class=\"elementor-spacer-inner\"><\/div>\n\t\t<\/div>\n\t\t\t\t\t\t<\/div>\n\t\t\t\t<\/div>\n\t\t\t\t<div class=\"elementor-element elementor-element-1f4d23f jltma-glass-effect-no elementor-widget elementor-widget-image\" data-id=\"1f4d23f\" data-element_type=\"widget\" data-e-type=\"widget\" data-widget_type=\"image.default\">\n\t\t\t\t<div class=\"elementor-widget-container\">\n\t\t\t\t\t\t\t\t\t\t\t\t\t\t\t<img decoding=\"async\" width=\"683\" height=\"1024\" src=\"https:\/\/goustorestaurant.gr\/wp-content\/uploads\/2023\/06\/335938991_778801400330120_243872627058459340_n-683x1024.jpg\" class=\"attachment-large size-large wp-image-2033\" alt=\"\" srcset=\"https:\/\/goustorestaurant.gr\/wp-content\/uploads\/2023\/06\/335938991_778801400330120_243872627058459340_n-683x1024.jpg 683w, https:\/\/goustorestaurant.gr\/wp-content\/uploads\/2023\/06\/335938991_778801400330120_243872627058459340_n-200x300.jpg 200w, https:\/\/goustorestaurant.gr\/wp-content\/uploads\/2023\/06\/335938991_778801400330120_243872627058459340_n-768x1152.jpg 768w, https:\/\/goustorestaurant.gr\/wp-content\/uploads\/2023\/06\/335938991_778801400330120_243872627058459340_n-1024x1536.jpg 1024w, https:\/\/goustorestaurant.gr\/wp-content\/uploads\/2023\/06\/335938991_778801400330120_243872627058459340_n.jpg 1365w\" sizes=\"(max-width: 683px) 100vw, 683px\" \/>\t\t\t\t\t\t\t\t\t\t\t\t\t\t\t<\/div>\n\t\t\t\t<\/div>\n\t\t\t\t\t<\/div>\n\t\t<\/div>\n\t\t\t\t\t<\/div>\n\t\t<\/section>\n\t\t\t\t<section class=\"elementor-section elementor-top-section elementor-element elementor-element-458448e elementor-section-full_width elementor-section-height-default elementor-section-height-default jltma-glass-effect-no\" data-id=\"458448e\" data-element_type=\"section\" data-e-type=\"section\" id=\"map\" data-settings=\"{&quot;background_background&quot;:&quot;classic&quot;}\">\n\t\t\t\t\t\t<div class=\"elementor-container elementor-column-gap-default\">\n\t\t\t\t\t<div class=\"elementor-column elementor-col-100 elementor-top-column elementor-element elementor-element-34e668f jltma-glass-effect-no\" data-id=\"34e668f\" data-element_type=\"column\" data-e-type=\"column\">\n\t\t\t<div class=\"elementor-widget-wrap elementor-element-populated\">\n\t\t\t\t\t\t<div class=\"elementor-element elementor-element-1539603 jltma-glass-effect-no elementor-widget elementor-widget-google_maps\" data-id=\"1539603\" data-element_type=\"widget\" data-e-type=\"widget\" data-widget_type=\"google_maps.default\">\n\t\t\t\t<div class=\"elementor-widget-container\">\n\t\t\t\t\t\t\t<div class=\"elementor-custom-embed\">\n\t\t\t<iframe loading=\"lazy\"\n\t\t\t\t\tsrc=\"https:\/\/maps.google.com\/maps?q=Gousto%20Seaside%20Traditional%20Restaurant&#038;t=m&#038;z=15&#038;output=embed&#038;iwloc=near\"\n\t\t\t\t\ttitle=\"Gousto Seaside Traditional Restaurant\"\n\t\t\t\t\taria-label=\"Gousto Seaside Traditional Restaurant\"\n\t\t\t><\/iframe>\n\t\t<\/div>\n\t\t\t\t\t\t<\/div>\n\t\t\t\t<\/div>\n\t\t\t\t\t<\/div>\n\t\t<\/div>\n\t\t\t\t\t<\/div>\n\t\t<\/section>\n\t\t\t\t<\/div>","protected":false},"excerpt":{"rendered":"<p>Location +30 2821 060153gousto2022@gmail.com Agia Marina, Chania | CreteOpen 09:00am &#8211; 11:00pm A GREEK HIDDEN GEM An unforgettable dining experience at Gousto, a hidden gem nestled along the picturesque shores of Agia Marina in Chania, Crete. Immerse yourself in the enchanting ambiance as you savor traditional and authentic Greek cuisine, lovingly crafted by our talented [&hellip;]<\/p>\n","protected":false},"author":1,"featured_media":0,"parent":0,"menu_order":0,"comment_status":"closed","ping_status":"closed","template":"","meta":{"footnotes":""},"class_list":["post-2342","page","type-page","status-publish","hentry"],"_links":{"self":[{"href":"https:\/\/goustorestaurant.gr\/sv\/wp-json\/wp\/v2\/pages\/2342","targetHints":{"allow":["GET"]}}],"collection":[{"href":"https:\/\/goustorestaurant.gr\/sv\/wp-json\/wp\/v2\/pages"}],"about":[{"href":"https:\/\/goustorestaurant.gr\/sv\/wp-json\/wp\/v2\/types\/page"}],"author":[{"embeddable":true,"href":"https:\/\/goustorestaurant.gr\/sv\/wp-json\/wp\/v2\/users\/1"}],"replies":[{"embeddable":true,"href":"https:\/\/goustorestaurant.gr\/sv\/wp-json\/wp\/v2\/comments?post=2342"}],"version-history":[{"count":34,"href":"https:\/\/goustorestaurant.gr\/sv\/wp-json\/wp\/v2\/pages\/2342\/revisions"}],"predecessor-version":[{"id":3188,"href":"https:\/\/goustorestaurant.gr\/sv\/wp-json\/wp\/v2\/pages\/2342\/revisions\/3188"}],"wp:attachment":[{"href":"https:\/\/goustorestaurant.gr\/sv\/wp-json\/wp\/v2\/media?parent=2342"}],"curies":[{"name":"wp","href":"https:\/\/api.w.org\/{rel}","templated":true}]}}